{"id":1602,"date":"2023-03-14T16:38:46","date_gmt":"2023-03-14T09:38:46","guid":{"rendered":"http:\/\/mckarlen.vn\/product\/ci-series\/"},"modified":"2023-03-23T09:13:32","modified_gmt":"2023-03-23T02:13:32","slug":"ci-series","status":"publish","type":"product","link":"https:\/\/mckarlen.vn\/en\/product\/ci-series\/","title":{"rendered":"CI Series"},"content":{"rendered":"<p><img loading=\"lazy\" decoding=\"async\" class=\"alignleft wp-image-1592\" src=\"http:\/\/mckarlen.vn\/wp-content\/uploads\/2023\/03\/CI-Series-tong-hd-10-scaled.jpg\" alt=\"\" width=\"640\" height=\"730\" srcset=\"https:\/\/mckarlen.vn\/wp-content\/uploads\/2023\/03\/CI-Series-tong-hd-10-scaled.jpg 2242w, https:\/\/mckarlen.vn\/wp-content\/uploads\/2023\/03\/CI-Series-tong-hd-10-263x300.jpg 263w, https:\/\/mckarlen.vn\/wp-content\/uploads\/2023\/03\/CI-Series-tong-hd-10-897x1024.jpg 897w, https:\/\/mckarlen.vn\/wp-content\/uploads\/2023\/03\/CI-Series-tong-hd-10-768x877.jpg 768w, https:\/\/mckarlen.vn\/wp-content\/uploads\/2023\/03\/CI-Series-tong-hd-10-1345x1536.jpg 1345w, https:\/\/mckarlen.vn\/wp-content\/uploads\/2023\/03\/CI-Series-tong-hd-10-1794x2048.jpg 1794w, https:\/\/mckarlen.vn\/wp-content\/uploads\/2023\/03\/CI-Series-tong-hd-10-600x685.jpg 600w\" sizes=\"auto, (max-width: 640px) 100vw, 640px\" \/><\/p>\n","protected":false},"excerpt":{"rendered":"<p>CI l\u00e0 d\u00f2ng b\u01a1m tr\u1ee5c ngang chuy\u00ean d\u1ee5ng trong c\u00e1c c\u00f4ng tr\u00ecnh c\u1ea5p n\u01b0\u1edbc c\u00f4ng nghi\u1ec7p. Mang h\u00ecnh d\u00e1ng thi\u1ebft k\u1ebf m\u1edbi v\u00e0 c\u00f4ng ngh\u1ec7 c\u1ea3i ti\u1ebfn, ch\u1eafc ch\u1eafn lu\u00f4n \u0111\u00e1p \u1ee9ng \u0111\u01b0\u1ee3c c\u00e1c nhu c\u1ea7u s\u1eed d\u1ee5ng kh\u1eafc khe trong c\u00e1c c\u00f4ng tr\u00ecnh &#8211;\u00a0 d\u1ef1 \u00e1n.<\/p>\n","protected":false},"featured_media":1613,"comment_status":"closed","ping_status":"closed","template":"","meta":[],"class_list":["post-1602","product","type-product","status-publish","has-post-thumbnail","hentry","product_cat-bom-truc-ngang-en"],"_links":{"self":[{"href":"https:\/\/mckarlen.vn\/en\/wp-json\/wp\/v2\/product\/1602","targetHints":{"allow":["GET"]}}],"collection":[{"href":"https:\/\/mckarlen.vn\/en\/wp-json\/wp\/v2\/product"}],"about":[{"href":"https:\/\/mckarlen.vn\/en\/wp-json\/wp\/v2\/types\/product"}],"replies":[{"embeddable":true,"href":"https:\/\/mckarlen.vn\/en\/wp-json\/wp\/v2\/comments?post=1602"}],"wp:featuredmedia":[{"embeddable":true,"href":"https:\/\/mckarlen.vn\/en\/wp-json\/wp\/v2\/media\/1613"}],"wp:attachment":[{"href":"https:\/\/mckarlen.vn\/en\/wp-json\/wp\/v2\/media?parent=1602"}],"curies":[{"name":"wp","href":"https:\/\/api.w.org\/{rel}","templated":true}]}}